{"id":6721,"date":"2021-12-09T14:50:26","date_gmt":"2021-12-09T11:50:26","guid":{"rendered":"https:\/\/picksy.store\/faq\/"},"modified":"2021-12-09T14:50:27","modified_gmt":"2021-12-09T11:50:27","slug":"faq","status":"publish","type":"page","link":"https:\/\/picksy.store\/fi\/faq\/","title":{"rendered":"FAQ"},"content":{"rendered":"\t\t<div data-elementor-type=\"wp-page\" data-elementor-id=\"6721\" class=\"elementor elementor-6721 elementor-6491\" data-elementor-post-type=\"page\">\n\t\t\t\t\t\t<section class=\"elementor-section elementor-top-section elementor-element elementor-element-6662607 elementor-section-height-min-height elementor-section-content-middle elementor-section-boxed elementor-section-height-default elementor-section-items-middle\" data-id=\"6662607\" data-element_type=\"section\" data-settings=\"{&quot;background_background&quot;:&quot;classic&quot;}\">\n\t\t\t\t\t\t<div class=\"elementor-container elementor-column-gap-default\">\n\t\t\t\t\t<div class=\"elementor-column elementor-col-100 elementor-top-column elementor-element elementor-element-458d90a\" data-id=\"458d90a\" data-element_type=\"column\">\n\t\t\t<div class=\"elementor-widget-wrap elementor-element-populated\">\n\t\t\t\t\t\t<div class=\"elementor-element elementor-element-1f57968 elementor-widget elementor-widget-heading\" data-id=\"1f57968\" data-element_type=\"widget\" data-widget_type=\"heading.default\">\n\t\t\t\t<div class=\"elementor-widget-container\">\n\t\t\t\t\t<h5 class=\"elementor-heading-title elementor-size-default\">Picksy<\/h5>\t\t\t\t<\/div>\n\t\t\t\t<\/div>\n\t\t\t\t<div class=\"elementor-element elementor-element-481d6aa elementor-widget elementor-widget-heading\" data-id=\"481d6aa\" data-element_type=\"widget\" data-widget_type=\"heading.default\">\n\t\t\t\t<div class=\"elementor-widget-container\">\n\t\t\t\t\t<h2 class=\"elementor-heading-title elementor-size-default\">Hups! Busted!<\/h2>\t\t\t\t<\/div>\n\t\t\t\t<\/div>\n\t\t\t\t<div class=\"elementor-element elementor-element-538472a elementor-widget elementor-widget-text-editor\" data-id=\"538472a\" data-element_type=\"widget\" data-widget_type=\"text-editor.default\">\n\t\t\t\t<div class=\"elementor-widget-container\">\n\t\t\t\t\t\t\t\t\t<p>T\u00e4m\u00e4 sivu ei ole viel\u00e4 valmis! T\u00e4\u00e4ll\u00e4 ei ole mit\u00e4\u00e4n n\u00e4ht\u00e4v\u00e4\u00e4&#8230; viel\u00e4!<\/p>\n\t\t\t\t\t\t\t\t<\/div>\n\t\t\t\t<\/div>\n\t\t\t\t\t<\/div>\n\t\t<\/div>\n\t\t\t\t\t<\/div>\n\t\t<\/section>\n\t\t\t\t<\/div>\n\t\t","protected":false},"excerpt":{"rendered":"<p>Picksy Hups! Busted! T\u00e4m\u00e4 sivu ei ole viel\u00e4 valmis! T\u00e4\u00e4ll\u00e4 ei ole mit\u00e4\u00e4n n\u00e4ht\u00e4v\u00e4\u00e4&#8230; viel\u00e4!<\/p>\n","protected":false},"author":1,"featured_media":0,"parent":0,"menu_order":0,"comment_status":"closed","ping_status":"closed","template":"","meta":{"_acf_changed":false,"footnotes":""},"class_list":["post-6721","page","type-page","status-publish","hentry"],"acf":[],"jetpack_sharing_enabled":true,"_links":{"self":[{"href":"https:\/\/picksy.store\/fi\/wp-json\/wp\/v2\/pages\/6721","targetHints":{"allow":["GET"]}}],"collection":[{"href":"https:\/\/picksy.store\/fi\/wp-json\/wp\/v2\/pages"}],"about":[{"href":"https:\/\/picksy.store\/fi\/wp-json\/wp\/v2\/types\/page"}],"author":[{"embeddable":true,"href":"https:\/\/picksy.store\/fi\/wp-json\/wp\/v2\/users\/1"}],"replies":[{"embeddable":true,"href":"https:\/\/picksy.store\/fi\/wp-json\/wp\/v2\/comments?post=6721"}],"version-history":[{"count":3,"href":"https:\/\/picksy.store\/fi\/wp-json\/wp\/v2\/pages\/6721\/revisions"}],"predecessor-version":[{"id":6724,"href":"https:\/\/picksy.store\/fi\/wp-json\/wp\/v2\/pages\/6721\/revisions\/6724"}],"wp:attachment":[{"href":"https:\/\/picksy.store\/fi\/wp-json\/wp\/v2\/media?parent=6721"}],"curies":[{"name":"wp","href":"https:\/\/api.w.org\/{rel}","templated":true}]}}