{"id":10214,"date":"2025-02-11T12:24:58","date_gmt":"2025-02-12T06:52:38","guid":{"rendered":"https:\/\/picksy.store\/product\/viikon-kimppu-valkoinen-ja-neutraali\/"},"modified":"2025-02-12T10:32:41","modified_gmt":"2025-02-12T07:32:41","slug":"viikon-kimppu-valkoinen-ja-neutraali","status":"publish","type":"product","link":"https:\/\/picksy.store\/fi\/tuote\/viikon-kimppu-valkoinen-ja-neutraali\/","title":{"rendered":"Viikon kimppu \u2013 White and neutral"},"content":{"rendered":"<p>Etk\u00f6 ole varma, millaisia kukkia haluat ostaa? Anna minun hoitaa se puolestasi.<\/p>\n<p>Kauniiden kukkien hankkimisen tulisi olla helppoa. Joka viikko luon tuoreen ja inspiroivan kimpun kauden kukista! Tilaa ja nouda Picksyn noutopisteelt\u00e4 GW Gallerian ulkopuolelta silloin, kun sinulle sopii. Valittavana on eri vaihtoehtoja sek\u00e4 koon ett\u00e4 v\u00e4rin suhteen.<br \/>\nKimppu toimitetaan vuorokauden sis\u00e4ll\u00e4 \u2013 valitse tarkempi noutomaksun yhteydess\u00e4.<\/p>\n","protected":false},"excerpt":{"rendered":"<p>Viikon kimppu kauden kukista! T\u00e4m\u00e4 versio sopii hyvin surukimpuksi hautajaisiin ja osanottoon.<\/p>\n","protected":false},"featured_media":10167,"comment_status":"open","ping_status":"closed","template":"","meta":{"_acf_changed":false},"product_brand":[],"product_cat":[1296,1290],"product_tag":[1160,1159,1161],"class_list":{"0":"post-10214","1":"product","2":"type-product","3":"status-publish","4":"has-post-thumbnail","6":"product_cat-tilaustuotteet","7":"product_cat-vaasa-gw-galleria-fi","8":"product_tag-blombukett-fi","9":"product_tag-bukett-fi","10":"product_tag-flowers-fi","11":"product_shipping_class-huoneenlampoiset-tuotteet-vain-toimitus-ja-nouto","13":"first","14":"instock","15":"taxable","16":"shipping-taxable","17":"purchasable","18":"product-type-variable"},"acf":[],"jetpack_sharing_enabled":true,"_links":{"self":[{"href":"https:\/\/picksy.store\/fi\/wp-json\/wp\/v2\/product\/10214","targetHints":{"allow":["GET"]}}],"collection":[{"href":"https:\/\/picksy.store\/fi\/wp-json\/wp\/v2\/product"}],"about":[{"href":"https:\/\/picksy.store\/fi\/wp-json\/wp\/v2\/types\/product"}],"replies":[{"embeddable":true,"href":"https:\/\/picksy.store\/fi\/wp-json\/wp\/v2\/comments?post=10214"}],"wp:featuredmedia":[{"embeddable":true,"href":"https:\/\/picksy.store\/fi\/wp-json\/wp\/v2\/media\/10167"}],"wp:attachment":[{"href":"https:\/\/picksy.store\/fi\/wp-json\/wp\/v2\/media?parent=10214"}],"wp:term":[{"taxonomy":"product_brand","embeddable":true,"href":"https:\/\/picksy.store\/fi\/wp-json\/wp\/v2\/product_brand?post=10214"},{"taxonomy":"product_cat","embeddable":true,"href":"https:\/\/picksy.store\/fi\/wp-json\/wp\/v2\/product_cat?post=10214"},{"taxonomy":"product_tag","embeddable":true,"href":"https:\/\/picksy.store\/fi\/wp-json\/wp\/v2\/product_tag?post=10214"}],"curies":[{"name":"wp","href":"https:\/\/api.w.org\/{rel}","templated":true}]}}