{"id":11497,"date":"2025-03-17T09:15:39","date_gmt":"2025-03-17T06:15:39","guid":{"rendered":"https:\/\/picksy.store\/product\/omenamehu-3l\/"},"modified":"2026-02-11T09:51:50","modified_gmt":"2026-02-11T06:51:50","slug":"omenamehu-3l","status":"publish","type":"product","link":"https:\/\/picksy.store\/fi\/tuote\/omenamehu-3l\/","title":{"rendered":"Omenamehu 3L"},"content":{"rendered":"<p><strong data-start=\"0\" data-end=\"26\">Dalbo Must Omenamehu<\/strong> \u2013 Puhdas, paikallisesti tuotettu omenamehu Pohjanmaalta. Valmistettu kotimaisista omenoista, kylm\u00e4puristettu ja hell\u00e4varaisesti past\u00f6roitu luonnollisen maun s\u00e4ilytt\u00e4miseksi \u2013 ei lis\u00e4aineita, ei lis\u00e4tty\u00e4 sokeria, vain 100 % hedelm\u00e4\u00e4.<\/p>\n","protected":false},"excerpt":{"rendered":"<p><strong data-start=\"0\" data-end=\"26\">Dalbo Must Omenamehu<\/strong> \u2013 Puhdas, paikallisesti tuotettu omenamehu Pohjanmaalta.<\/p>\n","protected":false},"featured_media":10501,"comment_status":"open","ping_status":"closed","template":"","meta":{"_acf_changed":false},"product_brand":[],"product_cat":[1294,1290],"product_tag":[1181,1180,1177,1179,1147,313,286],"class_list":{"0":"post-11497","1":"product","2":"type-product","3":"status-publish","4":"has-post-thumbnail","6":"product_cat-heti-noudettavissa","7":"product_cat-vaasa-gw-galleria-fi","8":"product_tag-appelmust-fi","9":"product_tag-appelsaft-fi","10":"product_tag-must-fi","11":"product_tag-omenamehu-fi","12":"product_tag-express-vaasa-fi","13":"product_tag-juice-fi","14":"product_tag-mehu","15":"product_shipping_class-sailyvat-ja-postitettavat-tuotteet-toimitus-nouto-ja-postitus","16":"pa_food-product-category-mehut-ja-juomat","18":"first","19":"instock","20":"taxable","21":"shipping-taxable","22":"purchasable","23":"product-type-simple"},"acf":[],"jetpack_sharing_enabled":true,"_links":{"self":[{"href":"https:\/\/picksy.store\/fi\/wp-json\/wp\/v2\/product\/11497","targetHints":{"allow":["GET"]}}],"collection":[{"href":"https:\/\/picksy.store\/fi\/wp-json\/wp\/v2\/product"}],"about":[{"href":"https:\/\/picksy.store\/fi\/wp-json\/wp\/v2\/types\/product"}],"replies":[{"embeddable":true,"href":"https:\/\/picksy.store\/fi\/wp-json\/wp\/v2\/comments?post=11497"}],"wp:featuredmedia":[{"embeddable":true,"href":"https:\/\/picksy.store\/fi\/wp-json\/wp\/v2\/media\/10501"}],"wp:attachment":[{"href":"https:\/\/picksy.store\/fi\/wp-json\/wp\/v2\/media?parent=11497"}],"wp:term":[{"taxonomy":"product_brand","embeddable":true,"href":"https:\/\/picksy.store\/fi\/wp-json\/wp\/v2\/product_brand?post=11497"},{"taxonomy":"product_cat","embeddable":true,"href":"https:\/\/picksy.store\/fi\/wp-json\/wp\/v2\/product_cat?post=11497"},{"taxonomy":"product_tag","embeddable":true,"href":"https:\/\/picksy.store\/fi\/wp-json\/wp\/v2\/product_tag?post=11497"}],"curies":[{"name":"wp","href":"https:\/\/api.w.org\/{rel}","templated":true}]}}