{"id":7334,"date":"2023-06-12T13:06:58","date_gmt":"2023-06-12T11:19:54","guid":{"rendered":"https:\/\/picksy.store\/?post_type=product&#038;p=7334"},"modified":"2025-07-25T22:37:49","modified_gmt":"2025-07-25T19:37:49","slug":"lakeus-savustettu-juusto-125-kg","status":"publish","type":"product","link":"https:\/\/picksy.store\/fi\/tuote\/lakeus-savustettu-juusto-125-kg\/","title":{"rendered":"Lakeus savujuusto 1,25 kg"},"content":{"rendered":"<p>Ainesosat: past\u00f6roitu maito (Suomi), suola ja hapate. Voimakkaan suolainen. LUONNOLLISESTI LAKTOOSITON. Juusto sis\u00e4lt\u00e4\u00e4 runsaasti kalsiumia ja proteiinia.  <span style=\"font-family: Georgia, serif;\">S\u00e4ilyy pakkauksessa ilmoitettuun parasta ennen -p\u00e4iv\u00e4m\u00e4\u00e4r\u00e4\u00e4n asti, kun sit\u00e4 s\u00e4ilytet\u00e4\u00e4n avaamattomana alle +8 \u00b0C:ssa.<\/span><\/p>\n<p>Ravintosis\u00e4lt\u00f6\/100 g: energia 1367kJ\/329kcal, rasva 24g, josta tyydyttynytt\u00e4 14g, hiilihydraatit 0g, josta sokereita 0g, proteiini 27g, suola 1,5g, riboflaviini (B2) 0,25mg (17% *), B12-vitamiini 0,60 \u03bcg (24% *), kalsium 800mg (100% *), fosfori 500mg (71% *), sinkki 3,7mg (37% *).<\/p>\n<p>*Vuorokautisesta saantisuosituksesta, laktoosia 0 g.<\/p>\n<p>Alkuper\u00e4maa \/ valmistusmaa: SUOMI<\/p>\n","protected":false},"excerpt":{"rendered":"<p class=\"MsoNormal\"><span style=\"font-family: 'Georgia',serif; color: #333333; background: white;\">Vanhalla maatilalla, kaukana kaupunkien keskustoista, keskell\u00e4 puhdasta luontoa, savustetaan eri suomalaisten valmistajien juustoja. Savujuustot valmistetaan kotimaisesta maidosta ja ne savustetaan k\u00e4sin aidolla savulla, ilman esansseja, Jaakon tarkkaan hiotun reseptin mukaan.<\/span><\/p>\n","protected":false},"featured_media":7331,"comment_status":"open","ping_status":"closed","template":"","meta":{"_acf_changed":false},"product_brand":[],"product_cat":[1294,1290],"product_tag":[1147],"class_list":{"0":"post-7334","1":"product","2":"type-product","3":"status-publish","4":"has-post-thumbnail","6":"product_cat-heti-noudettavissa","7":"product_cat-vaasa-gw-galleria-fi","8":"product_tag-express-vaasa-fi","9":"product_shipping_class-tuoreet-ja-kylmat-tuotteet-vain-toimitus-ja-nouto","10":"pa_food-allergies-laktoositon","11":"pa_food-product-category-maito-juusto-muna-ja-rasvat","13":"first","14":"outofstock","15":"taxable","16":"shipping-taxable","17":"purchasable","18":"product-type-simple"},"acf":[],"jetpack_sharing_enabled":true,"_links":{"self":[{"href":"https:\/\/picksy.store\/fi\/wp-json\/wp\/v2\/product\/7334","targetHints":{"allow":["GET"]}}],"collection":[{"href":"https:\/\/picksy.store\/fi\/wp-json\/wp\/v2\/product"}],"about":[{"href":"https:\/\/picksy.store\/fi\/wp-json\/wp\/v2\/types\/product"}],"replies":[{"embeddable":true,"href":"https:\/\/picksy.store\/fi\/wp-json\/wp\/v2\/comments?post=7334"}],"wp:featuredmedia":[{"embeddable":true,"href":"https:\/\/picksy.store\/fi\/wp-json\/wp\/v2\/media\/7331"}],"wp:attachment":[{"href":"https:\/\/picksy.store\/fi\/wp-json\/wp\/v2\/media?parent=7334"}],"wp:term":[{"taxonomy":"product_brand","embeddable":true,"href":"https:\/\/picksy.store\/fi\/wp-json\/wp\/v2\/product_brand?post=7334"},{"taxonomy":"product_cat","embeddable":true,"href":"https:\/\/picksy.store\/fi\/wp-json\/wp\/v2\/product_cat?post=7334"},{"taxonomy":"product_tag","embeddable":true,"href":"https:\/\/picksy.store\/fi\/wp-json\/wp\/v2\/product_tag?post=7334"}],"curies":[{"name":"wp","href":"https:\/\/api.w.org\/{rel}","templated":true}]}}