{"id":7680,"date":"2023-11-17T10:11:29","date_gmt":"2023-11-17T19:15:59","guid":{"rendered":"https:\/\/picksy.store\/product\/tyrni-murskattu-1kg\/"},"modified":"2023-11-21T12:45:32","modified_gmt":"2023-11-21T09:45:32","slug":"tyrni-murskattu-1kg","status":"publish","type":"product","link":"https:\/\/picksy.store\/fi\/tuote\/tyrni-murskattu-1kg\/","title":{"rendered":"Tyrni murskattu 1kg"},"content":{"rendered":"<p>Sis\u00e4lt\u00f6: Murskatut ekologiset tyrnimarjat, 1 kg. 100 % luonnonmukaista.<\/p>\n<p>Hienoksi murskattujen siementen sis\u00e4lt\u00e4m\u00e4t vitamiinit ja antioksidantit voivat imeyty\u00e4 elimist\u00f6\u00f6n.<\/p>\n<p>K\u00e4ytt\u00f6: leivontaan, j\u00e4lkiruokiin, smoothieihin jne.<\/p>\n<p>Oy Bacca Ab 66540 Petsmo, Suomi <a href=\"http:\/\/www.bacca.fi\">www.bacca.fi<\/a><\/p>\n","protected":false},"excerpt":{"rendered":"<p>Murskatut ekologiset tyrnimarjat, 1 kg.<\/p>\n","protected":false},"featured_media":7610,"comment_status":"open","ping_status":"closed","template":"","meta":{"_acf_changed":false},"product_brand":[],"product_cat":[1296,1290],"product_tag":[315,326,329,314,327,325,316,328],"class_list":{"0":"post-7680","1":"product","2":"type-product","3":"status-publish","4":"has-post-thumbnail","6":"product_cat-tilaustuotteet","7":"product_cat-vaasa-gw-galleria-fi","8":"product_tag-ekologinen-fi","9":"product_tag-meritonnimarjoja","10":"product_tag-murskattu","11":"product_tag-orgaaninen-fi","12":"product_tag-superberries-fi","13":"product_tag-superfood-fi","14":"product_tag-tyrni-fi","15":"product_tag-tyrnimarjoja-murskattuna","16":"product_shipping_class-tuoreet-ja-kylmat-tuotteet-vain-toimitus-ja-nouto","18":"first","19":"instock","20":"taxable","21":"shipping-taxable","22":"purchasable","23":"product-type-simple"},"acf":[],"jetpack_sharing_enabled":true,"_links":{"self":[{"href":"https:\/\/picksy.store\/fi\/wp-json\/wp\/v2\/product\/7680","targetHints":{"allow":["GET"]}}],"collection":[{"href":"https:\/\/picksy.store\/fi\/wp-json\/wp\/v2\/product"}],"about":[{"href":"https:\/\/picksy.store\/fi\/wp-json\/wp\/v2\/types\/product"}],"replies":[{"embeddable":true,"href":"https:\/\/picksy.store\/fi\/wp-json\/wp\/v2\/comments?post=7680"}],"wp:featuredmedia":[{"embeddable":true,"href":"https:\/\/picksy.store\/fi\/wp-json\/wp\/v2\/media\/7610"}],"wp:attachment":[{"href":"https:\/\/picksy.store\/fi\/wp-json\/wp\/v2\/media?parent=7680"}],"wp:term":[{"taxonomy":"product_brand","embeddable":true,"href":"https:\/\/picksy.store\/fi\/wp-json\/wp\/v2\/product_brand?post=7680"},{"taxonomy":"product_cat","embeddable":true,"href":"https:\/\/picksy.store\/fi\/wp-json\/wp\/v2\/product_cat?post=7680"},{"taxonomy":"product_tag","embeddable":true,"href":"https:\/\/picksy.store\/fi\/wp-json\/wp\/v2\/product_tag?post=7680"}],"curies":[{"name":"wp","href":"https:\/\/api.w.org\/{rel}","templated":true}]}}