{"id":7748,"date":"2023-11-24T16:28:00","date_gmt":"2023-11-24T13:37:50","guid":{"rendered":"https:\/\/picksy.store\/product\/superhedelmamehu-3in1-mix\/"},"modified":"2025-04-16T18:23:26","modified_gmt":"2025-04-16T15:23:26","slug":"superfruits-mehu-3in1-sekoitus","status":"publish","type":"product","link":"https:\/\/picksy.store\/fi\/tuote\/superfruits-mehu-3in1-sekoitus\/","title":{"rendered":"Superhedelm\u00e4mehu 3IN1 MIX"},"content":{"rendered":"<p style=\"margin: 0in;font-family: Calibri;font-size: 11.0pt\">Sis\u00e4lt\u00f6: Saskatoon- ja Aronia-marjajauhe, omasta luomuviljelyst\u00e4 Suomessa.<\/p>\n<p style=\"margin: 0in;font-family: Calibri;font-size: 11.0pt\">K\u00e4yt\u00e4: Maitotuotteiden, puurojen, myslien, smoothieiden jne. maustaminen: Hyv\u00e4 ja hy\u00f6dyllinen mauste.<\/p>\n<p style=\"margin: 0in;font-family: Calibri;font-size: 11.0pt\">S\u00e4ilyt\u00e4 kuivassa sis\u00e4tilassa ja lasten ulottumattomissa.<\/p>\n<p style=\"margin: 0in;font-family: Calibri;font-size: 11.0pt\">Avattu pakkaus on k\u00e4ytett\u00e4v\u00e4 60 p\u00e4iv\u00e4n kuluessa.<\/p>\n<p style=\"margin: 0in;font-family: Calibri;font-size: 11.0pt\">Oy Bacca Ab 66540 Petsmo, Suomi <a href=\"http:\/\/www.bacca.fi\">www.bacca.fi<\/a><\/p>\n","protected":false},"excerpt":{"rendered":"<p>Superfruits mehu 3IN1 MIX, eco, 300ml.<\/p>\n","protected":false},"featured_media":7580,"comment_status":"open","ping_status":"closed","template":"","meta":{"_acf_changed":false},"product_brand":[],"product_cat":[1294,1290],"product_tag":[315,1147,313,314,327,325,365],"class_list":{"0":"post-7748","1":"product","2":"type-product","3":"status-publish","4":"has-post-thumbnail","6":"product_cat-heti-noudettavissa","7":"product_cat-vaasa-gw-galleria-fi","8":"product_tag-ekologinen-fi","9":"product_tag-express-vaasa-fi","10":"product_tag-juice-fi","11":"product_tag-orgaaninen-fi","12":"product_tag-superberries-fi","13":"product_tag-superfood-fi","14":"product_tag-superfruits-fi","15":"product_shipping_class-tuoreet-ja-kylmat-tuotteet-vain-toimitus-ja-nouto","16":"pa_food-product-category-mehut-ja-juomat","18":"first","19":"instock","20":"taxable","21":"shipping-taxable","22":"purchasable","23":"product-type-simple"},"acf":[],"jetpack_sharing_enabled":true,"_links":{"self":[{"href":"https:\/\/picksy.store\/fi\/wp-json\/wp\/v2\/product\/7748","targetHints":{"allow":["GET"]}}],"collection":[{"href":"https:\/\/picksy.store\/fi\/wp-json\/wp\/v2\/product"}],"about":[{"href":"https:\/\/picksy.store\/fi\/wp-json\/wp\/v2\/types\/product"}],"replies":[{"embeddable":true,"href":"https:\/\/picksy.store\/fi\/wp-json\/wp\/v2\/comments?post=7748"}],"wp:featuredmedia":[{"embeddable":true,"href":"https:\/\/picksy.store\/fi\/wp-json\/wp\/v2\/media\/7580"}],"wp:attachment":[{"href":"https:\/\/picksy.store\/fi\/wp-json\/wp\/v2\/media?parent=7748"}],"wp:term":[{"taxonomy":"product_brand","embeddable":true,"href":"https:\/\/picksy.store\/fi\/wp-json\/wp\/v2\/product_brand?post=7748"},{"taxonomy":"product_cat","embeddable":true,"href":"https:\/\/picksy.store\/fi\/wp-json\/wp\/v2\/product_cat?post=7748"},{"taxonomy":"product_tag","embeddable":true,"href":"https:\/\/picksy.store\/fi\/wp-json\/wp\/v2\/product_tag?post=7748"}],"curies":[{"name":"wp","href":"https:\/\/api.w.org\/{rel}","templated":true}]}}