{"id":8270,"date":"2024-04-10T15:18:42","date_gmt":"2024-04-10T12:40:48","guid":{"rendered":"https:\/\/picksy.store\/product\/tinto-ruukunkannatin-yksilollinen\/"},"modified":"2024-10-02T11:40:00","modified_gmt":"2024-10-02T08:40:00","slug":"tinto-ruukunkannatin-yksilollinen","status":"publish","type":"product","link":"https:\/\/picksy.store\/fi\/tuote\/tinto-ruukunkannatin-yksilollinen\/","title":{"rendered":"Tinto \u2013 Patakinnas juuttis\u00e4kist\u00e4 (yksil\u00f6llinen)"},"content":{"rendered":"<p>Raakakahvin kuljetukseen k\u00e4ytetyist\u00e4 juuttis\u00e4keist\u00e4 ommeltuja patakintaita. Valikoima el\u00e4\u00e4 ja vaihtelee. Kysy lis\u00e4\u00e4!<\/p>\n<p>Ainutlaatuiset, tyylikk\u00e4\u00e4t ja kest\u00e4v\u00e4t kierr\u00e4tystuotteet, jotka paikallinen ompelimo Willa Wasa valmistaa eritt\u00e4in ekologisesta, 100-prosenttisesti kierr\u00e4tett\u00e4v\u00e4st\u00e4, luontoyst\u00e4v\u00e4llisest\u00e4 ja biohajoavasta juutista, joka muuten p\u00e4\u00e4tyy j\u00e4tteeksi. Mik\u00e4\u00e4n tuote ei ole samanlainen, joten kyse on ainutlaatuisista, trendikk\u00e4ist\u00e4 ja ajattomista tuotteista. T\u00e4m\u00e4 on kest\u00e4v\u00e4\u00e4 kehityst\u00e4 ja paikallista pienyritysyhteisty\u00f6t\u00e4 parhaimmillaan.<\/p>\n<p>Saatavilla on 2 kokoa, pienempi (S) ja suurempi (L). Laita tilaukseen merkint\u00e4, kumman haluat (S\/L)!<\/p>\n","protected":false},"excerpt":{"rendered":"<p>Juuttis\u00e4keist\u00e4 ommeltuja yksil\u00f6llisi\u00e4 patakintaita.<\/p>\n<p>Saatavilla on 2 kokoa, pienempi (S) ja suurempi (L). Laita tilaukseen merkint\u00e4, kumman haluat (S\/L)!<\/p>\n","protected":false},"featured_media":8257,"comment_status":"open","ping_status":"closed","template":"","meta":{"_acf_changed":false},"product_brand":[],"product_cat":[1296,1290],"product_tag":[],"class_list":{"0":"post-8270","1":"product","2":"type-product","3":"status-publish","4":"has-post-thumbnail","6":"product_cat-tilaustuotteet","7":"product_cat-vaasa-gw-galleria-fi","9":"first","10":"instock","11":"taxable","12":"shipping-taxable","13":"purchasable","14":"product-type-simple"},"acf":[],"jetpack_sharing_enabled":true,"_links":{"self":[{"href":"https:\/\/picksy.store\/fi\/wp-json\/wp\/v2\/product\/8270","targetHints":{"allow":["GET"]}}],"collection":[{"href":"https:\/\/picksy.store\/fi\/wp-json\/wp\/v2\/product"}],"about":[{"href":"https:\/\/picksy.store\/fi\/wp-json\/wp\/v2\/types\/product"}],"replies":[{"embeddable":true,"href":"https:\/\/picksy.store\/fi\/wp-json\/wp\/v2\/comments?post=8270"}],"wp:featuredmedia":[{"embeddable":true,"href":"https:\/\/picksy.store\/fi\/wp-json\/wp\/v2\/media\/8257"}],"wp:attachment":[{"href":"https:\/\/picksy.store\/fi\/wp-json\/wp\/v2\/media?parent=8270"}],"wp:term":[{"taxonomy":"product_brand","embeddable":true,"href":"https:\/\/picksy.store\/fi\/wp-json\/wp\/v2\/product_brand?post=8270"},{"taxonomy":"product_cat","embeddable":true,"href":"https:\/\/picksy.store\/fi\/wp-json\/wp\/v2\/product_cat?post=8270"},{"taxonomy":"product_tag","embeddable":true,"href":"https:\/\/picksy.store\/fi\/wp-json\/wp\/v2\/product_tag?post=8270"}],"curies":[{"name":"wp","href":"https:\/\/api.w.org\/{rel}","templated":true}]}}