{"id":8312,"date":"2024-04-10T17:39:20","date_gmt":"2024-04-10T14:48:22","guid":{"rendered":"https:\/\/picksy.store\/product\/tinto-juuttisakeista-valmistettu-laukku-ainutlaatuinen\/"},"modified":"2024-10-02T11:39:50","modified_gmt":"2024-10-02T08:39:50","slug":"tinto-juuttisakeista-valmistettu-laukku-ainutlaatuinen","status":"publish","type":"product","link":"https:\/\/picksy.store\/fi\/tuote\/tinto-juuttisakeista-valmistettu-laukku-ainutlaatuinen\/","title":{"rendered":"Tinto \u2013 Juuttis\u00e4keist\u00e4 valmistettu laukku (ainutlaatuinen)."},"content":{"rendered":"<p>Raakakahvin kuljetukseen k\u00e4ytetyist\u00e4 juuttis\u00e4keist\u00e4 ommeltuja kasseja. Valikoima el\u00e4\u00e4 ja vaihtelee.<\/p>\n<p>Yli-ekologisia, 100 %:sti kierr\u00e4tett\u00e4v\u00e4st\u00e4, luontoyst\u00e4v\u00e4llisest\u00e4 ja biologisesti hajoavasta ja muutoin tarpeettomana j\u00e4tteenker\u00e4ykseen p\u00e4\u00e4tyv\u00e4st\u00e4 juutista paikallisen ompelimon Willa Wasan tekemi\u00e4 ainutlaatuisia, tyylikk\u00e4it\u00e4 ja kest\u00e4vi\u00e4 kierr\u00e4tystuotteita. Kahta samanlaista tuotetta ei helposti ole, joten hyvin uniikeista, trendikk\u00e4ist\u00e4 ja ajattomista tuotteista on kyse. T\u00e4ss\u00e4 sit\u00e4\u00a0kest\u00e4v\u00e4\u00e4 kehityst\u00e4 ja paikallista pienyritt\u00e4j\u00e4yhteisty\u00f6t\u00e4 parhaimmillaan.<\/p>\n<p>Kasseja on eri kokoisia, kutakuinkin 30 cm lev. ja 40 cm kork.<\/p>\n<p>Varastosta voi l\u00f6yty\u00e4, tai sitten tilaamme esim. patalappuja, laudeliinoja, puutarhatyynyj\u00e4&#8230; Kysy lis\u00e4\u00e4!<\/p>\n","protected":false},"excerpt":{"rendered":"<p>Juuttis\u00e4keist\u00e4 paikallisesti valmistettuja, k\u00e4sintehtyj\u00e4, 100% kierr\u00e4tettyj\u00e4 kasseja.<\/p>\n","protected":false},"featured_media":8242,"comment_status":"open","ping_status":"closed","template":"","meta":{"_acf_changed":false},"product_brand":[],"product_cat":[1296,1290],"product_tag":[],"class_list":{"0":"post-8312","1":"product","2":"type-product","3":"status-publish","4":"has-post-thumbnail","6":"product_cat-tilaustuotteet","7":"product_cat-vaasa-gw-galleria-fi","9":"first","10":"instock","11":"taxable","12":"shipping-taxable","13":"purchasable","14":"product-type-simple"},"acf":[],"jetpack_sharing_enabled":true,"_links":{"self":[{"href":"https:\/\/picksy.store\/fi\/wp-json\/wp\/v2\/product\/8312","targetHints":{"allow":["GET"]}}],"collection":[{"href":"https:\/\/picksy.store\/fi\/wp-json\/wp\/v2\/product"}],"about":[{"href":"https:\/\/picksy.store\/fi\/wp-json\/wp\/v2\/types\/product"}],"replies":[{"embeddable":true,"href":"https:\/\/picksy.store\/fi\/wp-json\/wp\/v2\/comments?post=8312"}],"wp:featuredmedia":[{"embeddable":true,"href":"https:\/\/picksy.store\/fi\/wp-json\/wp\/v2\/media\/8242"}],"wp:attachment":[{"href":"https:\/\/picksy.store\/fi\/wp-json\/wp\/v2\/media?parent=8312"}],"wp:term":[{"taxonomy":"product_brand","embeddable":true,"href":"https:\/\/picksy.store\/fi\/wp-json\/wp\/v2\/product_brand?post=8312"},{"taxonomy":"product_cat","embeddable":true,"href":"https:\/\/picksy.store\/fi\/wp-json\/wp\/v2\/product_cat?post=8312"},{"taxonomy":"product_tag","embeddable":true,"href":"https:\/\/picksy.store\/fi\/wp-json\/wp\/v2\/product_tag?post=8312"}],"curies":[{"name":"wp","href":"https:\/\/api.w.org\/{rel}","templated":true}]}}