{"id":8688,"date":"2024-05-15T16:01:36","date_gmt":"2024-05-15T13:23:59","guid":{"rendered":"https:\/\/picksy.store\/product\/murskatut-oljyhampunsiemenet-0-25kg\/"},"modified":"2024-11-15T13:57:44","modified_gmt":"2024-11-15T10:57:44","slug":"murskatut-oljyhampunsiemenet-0-25kg","status":"publish","type":"product","link":"https:\/\/picksy.store\/fi\/tuote\/murskatut-oljyhampunsiemenet-0-25kg\/","title":{"rendered":"\u00d6ljyhamppu, rouhe 0.25kg"},"content":{"rendered":"<p>Eritt\u00e4in terveellinen \u00f6ljyhamppu on yksi vanhimmista viljelykasveistamme. Sen siemenet sis\u00e4lt\u00e4v\u00e4t runsaasti proteiinia, jossa on kaikki ihmisen tarvitsemat v\u00e4ltt\u00e4m\u00e4tt\u00f6m\u00e4t aminohapot. \u00d6ljyhampussa on runsaasti kuitua, ja siin\u00e4 on hyv\u00e4 tasapaino omega-3- ja omega-6-rasvahappojen v\u00e4lill\u00e4. \u00d6ljyhampun siemenet sis\u00e4lt\u00e4v\u00e4t runsaasti tarvitsemiamme vitamiineja, mineraaleja, antioksidantteja, fytosteroleja eli kasvisteroleja ja SDA- ja GLA-yhdisteit\u00e4.<\/p>\n<p>&nbsp;<\/p>\n<div class=\"mt-1 h-8 w-8\"><img decoding=\"async\" src=\"https:\/\/www.ottogard.fi\/_next\/static\/media\/tea-leaf.eefc7ae9.svg\" alt=\"\" width=\"25\" height=\"25\" data-nimg=\"1\" \/>\u00a0 \u00a0<strong class=\"font-semibold text-gray-900\">Luomua.<\/strong>\u00a0Viljelemme tilallamme vain luomua ja kaikki tuotteemme ovat lis\u00e4aineettomia.<\/div>\n<div class=\"mt-1 h-10 w-10\"><img decoding=\"async\" src=\"https:\/\/www.ottogard.fi\/_next\/static\/media\/heart.4f6c8e19.svg\" alt=\"\" width=\"32\" height=\"32\" data-nimg=\"1\" \/> <strong class=\"font-semibold text-gray-900\">Ravinteikasta.<\/strong>\u00a0Jauhoissamme on tallella kaikki, mit\u00e4 viljanjyv\u00e4 sis\u00e4lt\u00e4\u00e4. Sen ansiosta jauhoissamme on enemm\u00e4n ravinteita ja kuitua kuin tavallisissa jauhoissa.<\/div>\n<p>Tutustu Otto G\u00e5rds resepteihin (vain suomeksi ja ruotsiksi): https:\/\/www.ottogard.fi\/recept\/.<\/p>\n","protected":false},"excerpt":{"rendered":"<p class=\"whitespace-pre-wrap\">\u00d6ljyhamppu on yksi vanhimmista viljelykasveista ja sen siemenet ovat todellisia supersiemeni\u00e4! Rouhittuja \u00f6ljyhampun siemeni\u00e4 voit k\u00e4ytt\u00e4\u00e4 esimerkiksi jogurtin ja puuron p\u00e4\u00e4ll\u00e4, smoothieissa, mysliss\u00e4, ruoanlaitossa ja leivonnassa. Sopii erinomaisesti leip\u00e4taikinaan, siemenn\u00e4kkileip\u00e4\u00e4n, v\u00e4lipalapatukoihin, salaatteihin ja pestoon. Rouheestamme ei ole poistettu yht\u00e4\u00e4n \u00f6ljy\u00e4. Koko siemen murskataan ja sen j\u00e4lkeen vain kuoret siivil\u00f6id\u00e4\u00e4n pois.<\/p>\n<p class=\"whitespace-pre-wrap\">Huom! \u00d6ljyhamppua k\u00e4sitell\u00e4\u00e4n samoissa tiloissa viljatuotteidemme kanssa.<\/p>\n<p>&nbsp;<\/p>\n","protected":false},"featured_media":8676,"comment_status":"open","ping_status":"closed","template":"","meta":{"_acf_changed":false},"product_brand":[],"product_cat":[1294,1290],"product_tag":[800,802,799,803,801],"class_list":{"0":"post-8688","1":"product","2":"type-product","3":"status-publish","4":"has-post-thumbnail","6":"product_cat-heti-noudettavissa","7":"product_cat-vaasa-gw-galleria-fi","8":"product_tag-hamppu","9":"product_tag-hamppurouhe","10":"product_tag-oljyhamppu","11":"product_tag-rouhe","12":"product_tag-oljyhamppurouhe","13":"product_shipping_class-sailyvat-ja-postitettavat-tuotteet-toimitus-nouto-ja-postitus","14":"pa_food-allergies-laktoositon","15":"pa_food-allergies-maidoton","16":"pa_food-allergies-pahkinaton","17":"pa_food-allergies-vegaaninen","18":"pa_food-product-category-leivonta-ja-kuivat-tuotteet","20":"first","21":"outofstock","22":"taxable","23":"shipping-taxable","24":"purchasable","25":"product-type-simple"},"acf":[],"jetpack_sharing_enabled":true,"_links":{"self":[{"href":"https:\/\/picksy.store\/fi\/wp-json\/wp\/v2\/product\/8688","targetHints":{"allow":["GET"]}}],"collection":[{"href":"https:\/\/picksy.store\/fi\/wp-json\/wp\/v2\/product"}],"about":[{"href":"https:\/\/picksy.store\/fi\/wp-json\/wp\/v2\/types\/product"}],"replies":[{"embeddable":true,"href":"https:\/\/picksy.store\/fi\/wp-json\/wp\/v2\/comments?post=8688"}],"wp:featuredmedia":[{"embeddable":true,"href":"https:\/\/picksy.store\/fi\/wp-json\/wp\/v2\/media\/8676"}],"wp:attachment":[{"href":"https:\/\/picksy.store\/fi\/wp-json\/wp\/v2\/media?parent=8688"}],"wp:term":[{"taxonomy":"product_brand","embeddable":true,"href":"https:\/\/picksy.store\/fi\/wp-json\/wp\/v2\/product_brand?post=8688"},{"taxonomy":"product_cat","embeddable":true,"href":"https:\/\/picksy.store\/fi\/wp-json\/wp\/v2\/product_cat?post=8688"},{"taxonomy":"product_tag","embeddable":true,"href":"https:\/\/picksy.store\/fi\/wp-json\/wp\/v2\/product_tag?post=8688"}],"curies":[{"name":"wp","href":"https:\/\/api.w.org\/{rel}","templated":true}]}}