{"id":8770,"date":"2024-09-11T11:40:16","date_gmt":"2024-09-12T05:03:40","guid":{"rendered":"https:\/\/picksy.store\/product\/highland-karjan-tuore-jauheliha-noin600-gr-rasvaa-8\/"},"modified":"2026-04-09T18:18:29","modified_gmt":"2026-04-09T15:18:29","slug":"highland-karjan-tuore-jauheliha-noin600-gr-rasvaa-8","status":"publish","type":"product","link":"https:\/\/picksy.store\/fi\/tuote\/highland-karjan-tuore-jauheliha-noin600-gr-rasvaa-8\/","title":{"rendered":"Highland cattle tuore Jauheliha n. 600 gr, rasvaa 8%, pakaste"},"content":{"rendered":"<p>Highland-karjan lihassa on enemm\u00e4n riistan makua kuin naudanlihassa.<\/p>\n<p>Liha on antibioottivapaata, v\u00e4h\u00e4rasvaista, mureaa ja tuotettu hein\u00e4ll\u00e4 ruokkimalla ja tietenkin LUOMU.<\/p>\n<p>Tuotteet ovat tuoreita, joten liha vaatii kuivakypsytyst\u00e4, joka voidaan tehd\u00e4 kotona s\u00e4ilytt\u00e4m\u00e4ll\u00e4 tuotetta j\u00e4\u00e4kaapin l\u00e4mp\u00f6tilassa 2-4 viikkoa tuotteesta riippuen. Paistit ja fileet pidemp\u00e4\u00e4n, paloiteltu liha lyhyemm\u00e4n aikaa ja luulliset tuotteet vain viikon.<\/p>\n","protected":false},"excerpt":{"rendered":"<p>Highland cattle tuore jauheliha noin 600 gr.<\/p>\n","protected":false},"featured_media":8924,"comment_status":"open","ping_status":"closed","template":"","meta":{"_acf_changed":false},"product_brand":[],"product_cat":[1292,226,1294,1290,15],"product_tag":[842,853,844,845,843,1147],"class_list":{"0":"post-8770","1":"product","2":"type-product","3":"status-publish","4":"has-post-thumbnail","6":"product_cat-available-for-pickup","7":"product_cat-ei-kategoriaa","8":"product_cat-heti-noudettavissa","9":"product_cat-vaasa-gw-galleria-fi","10":"product_cat-uncategorized","11":"product_tag-beef-fi","12":"product_tag-groundmeat-fi","13":"product_tag-highland-fi","14":"product_tag-highlandcattle-fi","15":"product_tag-meat-fi","16":"product_tag-express-vaasa-fi","17":"product_shipping_class-tuoreet-ja-kylmat-tuotteet-vain-toimitus-ja-nouto","18":"pa_food-product-category-lihat-ja-kasviproteiinit","20":"first","21":"instock","22":"taxable","23":"shipping-taxable","24":"purchasable","25":"product-type-simple"},"acf":[],"jetpack_sharing_enabled":true,"_links":{"self":[{"href":"https:\/\/picksy.store\/fi\/wp-json\/wp\/v2\/product\/8770","targetHints":{"allow":["GET"]}}],"collection":[{"href":"https:\/\/picksy.store\/fi\/wp-json\/wp\/v2\/product"}],"about":[{"href":"https:\/\/picksy.store\/fi\/wp-json\/wp\/v2\/types\/product"}],"replies":[{"embeddable":true,"href":"https:\/\/picksy.store\/fi\/wp-json\/wp\/v2\/comments?post=8770"}],"wp:featuredmedia":[{"embeddable":true,"href":"https:\/\/picksy.store\/fi\/wp-json\/wp\/v2\/media\/8924"}],"wp:attachment":[{"href":"https:\/\/picksy.store\/fi\/wp-json\/wp\/v2\/media?parent=8770"}],"wp:term":[{"taxonomy":"product_brand","embeddable":true,"href":"https:\/\/picksy.store\/fi\/wp-json\/wp\/v2\/product_brand?post=8770"},{"taxonomy":"product_cat","embeddable":true,"href":"https:\/\/picksy.store\/fi\/wp-json\/wp\/v2\/product_cat?post=8770"},{"taxonomy":"product_tag","embeddable":true,"href":"https:\/\/picksy.store\/fi\/wp-json\/wp\/v2\/product_tag?post=8770"}],"curies":[{"name":"wp","href":"https:\/\/api.w.org\/{rel}","templated":true}]}}