{"id":9173,"date":"2024-11-02T10:55:03","date_gmt":"2024-11-02T08:57:21","guid":{"rendered":"https:\/\/picksy.store\/product\/highland-cattle-tuore-kebab-500gr-pakastettu\/"},"modified":"2025-12-13T10:37:58","modified_gmt":"2025-12-13T07:37:58","slug":"highland-cattle-tuore-kebab-500gr-pakastettu","status":"publish","type":"product","link":"https:\/\/picksy.store\/fi\/tuote\/highland-cattle-tuore-kebab-500gr-pakastettu\/","title":{"rendered":"Highland cattle tuore kebab 500gr., pakaste"},"content":{"rendered":"<p>Highland-karjan lihassa on enemm\u00e4n riistan makua kuin naudanlihassa. Liha on antibioottivapaata, v\u00e4h\u00e4rasvaista, mureaa ja tuotettu hein\u00e4ll\u00e4 ruokkimalla ja tietenkin LUONNONMUKAISTA. Tuotteet ovat tuoreita, joten liha vaatii kuivakypsytyst\u00e4, joka voidaan tehd\u00e4 kotona s\u00e4ilytt\u00e4m\u00e4ll\u00e4 tuotetta j\u00e4\u00e4kaapin l\u00e4mp\u00f6tilassa 2-4 viikkoa tuotteesta riippuen. Paistit ja fileet pidemp\u00e4\u00e4n, paloiteltu liha lyhyemm\u00e4n aikaa ja luulliset tuotteet vain viikon.<\/p>\n","protected":false},"excerpt":{"rendered":"<p>Highland cattle tuore kebab 500gr., pakaste.<\/p>\n","protected":false},"featured_media":8739,"comment_status":"open","ping_status":"closed","template":"","meta":{"_acf_changed":false},"product_brand":[],"product_cat":[1294,1290,15],"product_tag":[842,854,844,845,843,856,855,1147],"class_list":{"0":"post-9173","1":"product","2":"type-product","3":"status-publish","4":"has-post-thumbnail","6":"product_cat-heti-noudettavissa","7":"product_cat-vaasa-gw-galleria-fi","8":"product_cat-uncategorized","9":"product_tag-beef-fi","10":"product_tag-filee-fi","11":"product_tag-highland-fi","12":"product_tag-highlandcattle-fi","13":"product_tag-meat-fi","14":"product_tag-sirloin-fi","15":"product_tag-steak-fi","16":"product_tag-express-vaasa-fi","17":"product_shipping_class-pakastetut-tuotteet-vain-toimitus-ja-nouto","18":"pa_food-product-category-lihat-ja-kasviproteiinit","20":"first","21":"instock","22":"taxable","23":"shipping-taxable","24":"purchasable","25":"product-type-simple"},"acf":[],"jetpack_sharing_enabled":true,"_links":{"self":[{"href":"https:\/\/picksy.store\/fi\/wp-json\/wp\/v2\/product\/9173","targetHints":{"allow":["GET"]}}],"collection":[{"href":"https:\/\/picksy.store\/fi\/wp-json\/wp\/v2\/product"}],"about":[{"href":"https:\/\/picksy.store\/fi\/wp-json\/wp\/v2\/types\/product"}],"replies":[{"embeddable":true,"href":"https:\/\/picksy.store\/fi\/wp-json\/wp\/v2\/comments?post=9173"}],"wp:featuredmedia":[{"embeddable":true,"href":"https:\/\/picksy.store\/fi\/wp-json\/wp\/v2\/media\/8739"}],"wp:attachment":[{"href":"https:\/\/picksy.store\/fi\/wp-json\/wp\/v2\/media?parent=9173"}],"wp:term":[{"taxonomy":"product_brand","embeddable":true,"href":"https:\/\/picksy.store\/fi\/wp-json\/wp\/v2\/product_brand?post=9173"},{"taxonomy":"product_cat","embeddable":true,"href":"https:\/\/picksy.store\/fi\/wp-json\/wp\/v2\/product_cat?post=9173"},{"taxonomy":"product_tag","embeddable":true,"href":"https:\/\/picksy.store\/fi\/wp-json\/wp\/v2\/product_tag?post=9173"}],"curies":[{"name":"wp","href":"https:\/\/api.w.org\/{rel}","templated":true}]}}