{"id":9227,"date":"2024-11-08T12:49:07","date_gmt":"2024-11-08T09:55:24","guid":{"rendered":"https:\/\/picksy.store\/product\/hunaja-175gr-100-ekologinen-kopio\/"},"modified":"2025-06-18T19:37:24","modified_gmt":"2025-06-18T16:37:24","slug":"hunaja-175gr-100-ekologinen-kopio","status":"publish","type":"product","link":"https:\/\/picksy.store\/fi\/tuote\/hunaja-175gr-100-ekologinen-kopio\/","title":{"rendered":"Hunaja 175gr. 100% ekologinen"},"content":{"rendered":"<p class=\"xmsonormal\">Mehil\u00e4isemme ker\u00e4\u00e4v\u00e4t hunajaa K\u00e5llbyst\u00e4 ja ymp\u00e4r\u00f6ivist\u00e4 metsist\u00e4, istutuksista ja kylist\u00e4.<\/p>\n<p class=\"xmsonormal\"><span style=\"font-family: 'Calibri',sans-serif; color: black;\">S\u00e4ilyt\u00e4 huoneenl\u00e4mm\u00f6ss\u00e4.<\/span><\/p>\n<p class=\"xmsonormal\"><span style=\"font-family: 'Calibri',sans-serif; color: black;\">Vain yli 1-vuotiaat.  <\/span><\/p>\n","protected":false},"excerpt":{"rendered":"<p>Hunaja 175gr. 100% ekologinen <\/p>\n","protected":false},"featured_media":9219,"comment_status":"open","ping_status":"closed","template":"","meta":{"_acf_changed":false},"product_brand":[],"product_cat":[1294,1290],"product_tag":[1018,315,1147],"class_list":{"0":"post-9227","1":"product","2":"type-product","3":"status-publish","4":"has-post-thumbnail","6":"product_cat-heti-noudettavissa","7":"product_cat-vaasa-gw-galleria-fi","8":"product_tag-honey-fi","9":"product_tag-ekologinen-fi","10":"product_tag-express-vaasa-fi","11":"product_shipping_class-huoneenlampoiset-tuotteet-vain-toimitus-ja-nouto","12":"pa_food-allergies-gluteeniton","13":"pa_food-allergies-laktoositon","14":"pa_food-allergies-maidoton","15":"pa_food-allergies-pahkinaton","16":"pa_food-allergies-vegaaninen","17":"pa_food-product-category-hunaja","19":"first","20":"instock","21":"taxable","22":"shipping-taxable","23":"purchasable","24":"product-type-simple"},"acf":[],"jetpack_sharing_enabled":true,"_links":{"self":[{"href":"https:\/\/picksy.store\/fi\/wp-json\/wp\/v2\/product\/9227","targetHints":{"allow":["GET"]}}],"collection":[{"href":"https:\/\/picksy.store\/fi\/wp-json\/wp\/v2\/product"}],"about":[{"href":"https:\/\/picksy.store\/fi\/wp-json\/wp\/v2\/types\/product"}],"replies":[{"embeddable":true,"href":"https:\/\/picksy.store\/fi\/wp-json\/wp\/v2\/comments?post=9227"}],"wp:featuredmedia":[{"embeddable":true,"href":"https:\/\/picksy.store\/fi\/wp-json\/wp\/v2\/media\/9219"}],"wp:attachment":[{"href":"https:\/\/picksy.store\/fi\/wp-json\/wp\/v2\/media?parent=9227"}],"wp:term":[{"taxonomy":"product_brand","embeddable":true,"href":"https:\/\/picksy.store\/fi\/wp-json\/wp\/v2\/product_brand?post=9227"},{"taxonomy":"product_cat","embeddable":true,"href":"https:\/\/picksy.store\/fi\/wp-json\/wp\/v2\/product_cat?post=9227"},{"taxonomy":"product_tag","embeddable":true,"href":"https:\/\/picksy.store\/fi\/wp-json\/wp\/v2\/product_tag?post=9227"}],"curies":[{"name":"wp","href":"https:\/\/api.w.org\/{rel}","templated":true}]}}