{"id":9246,"date":"2024-11-08T14:04:04","date_gmt":"2024-11-08T11:33:03","guid":{"rendered":"https:\/\/picksy.store\/product\/kuusihartsivoidetta-30gr-100-luomu\/"},"modified":"2025-01-25T18:47:09","modified_gmt":"2025-01-25T15:47:09","slug":"kuusihartsivoidetta-30gr-100-luomu","status":"publish","type":"product","link":"https:\/\/picksy.store\/fi\/tuote\/kuusihartsivoidetta-30gr-100-luomu\/","title":{"rendered":"Kuusihartsivoidetta 30gr., 100% luomu"},"content":{"rendered":"<p>K\u00e5llby Honungin salva on luonnollisten ainesosiensa ansiosta kosmeettinen salva, jolla on positiivisia vaikutuksia iholle.<\/p>\n<p>Sis\u00e4lt\u00f6: Olea europaea -hedelm\u00e4\u00f6ljy, picea abies -hartsi, cera flava.<\/p>\n","protected":false},"excerpt":{"rendered":"<p>Oliivi\u00f6ljyst\u00e4, suomalaisesta haperohartsista ja suomalaisesta mehil\u00e4isvahasta valmistettu kuusisalva.<\/p>\n","protected":false},"featured_media":9231,"comment_status":"open","ping_status":"closed","template":"","meta":{"_acf_changed":false},"product_brand":[],"product_cat":[1294,1290],"product_tag":[1035,1038,1037,1036,1147],"class_list":{"0":"post-9246","1":"product","2":"type-product","3":"status-publish","4":"has-post-thumbnail","6":"product_cat-heti-noudettavissa","7":"product_cat-vaasa-gw-galleria-fi","8":"product_tag-bruce-fi","9":"product_tag-bruceresinointment-fi","10":"product_tag-resin-fi","11":"product_tag-resinointment-fi","12":"product_tag-express-vaasa-fi","13":"product_shipping_class-huoneenlampoiset-tuotteet-vain-toimitus-ja-nouto","14":"pa_food-allergies-gluteeniton","15":"pa_food-allergies-laktoositon","16":"pa_food-allergies-maidoton","17":"pa_food-allergies-pahkinaton","18":"pa_food-allergies-vegaaninen","20":"first","21":"instock","22":"taxable","23":"shipping-taxable","24":"purchasable","25":"product-type-simple"},"acf":[],"jetpack_sharing_enabled":true,"_links":{"self":[{"href":"https:\/\/picksy.store\/fi\/wp-json\/wp\/v2\/product\/9246","targetHints":{"allow":["GET"]}}],"collection":[{"href":"https:\/\/picksy.store\/fi\/wp-json\/wp\/v2\/product"}],"about":[{"href":"https:\/\/picksy.store\/fi\/wp-json\/wp\/v2\/types\/product"}],"replies":[{"embeddable":true,"href":"https:\/\/picksy.store\/fi\/wp-json\/wp\/v2\/comments?post=9246"}],"wp:featuredmedia":[{"embeddable":true,"href":"https:\/\/picksy.store\/fi\/wp-json\/wp\/v2\/media\/9231"}],"wp:attachment":[{"href":"https:\/\/picksy.store\/fi\/wp-json\/wp\/v2\/media?parent=9246"}],"wp:term":[{"taxonomy":"product_brand","embeddable":true,"href":"https:\/\/picksy.store\/fi\/wp-json\/wp\/v2\/product_brand?post=9246"},{"taxonomy":"product_cat","embeddable":true,"href":"https:\/\/picksy.store\/fi\/wp-json\/wp\/v2\/product_cat?post=9246"},{"taxonomy":"product_tag","embeddable":true,"href":"https:\/\/picksy.store\/fi\/wp-json\/wp\/v2\/product_tag?post=9246"}],"curies":[{"name":"wp","href":"https:\/\/api.w.org\/{rel}","templated":true}]}}