{"id":9992,"date":"2023-11-23T16:46:47","date_gmt":"2025-01-25T15:44:38","guid":{"rendered":"https:\/\/picksy.store\/product\/superhedelmajauhe-3in1-mix\/"},"modified":"2025-01-25T18:44:38","modified_gmt":"2025-01-25T15:44:38","slug":"superhedelmajauhe-3in1-mix","status":"publish","type":"product","link":"https:\/\/picksy.store\/fi\/tuote\/superhedelmajauhe-3in1-mix\/","title":{"rendered":"Superhedelm\u00e4jauhe 3IN1 MIX"},"content":{"rendered":"<p style=\"margin: 0in;font-family: Calibri;font-size: 11.0pt\">Sis\u00e4lt\u00f6: Saskatoon- ja Aronia-marjajauhe, omasta luomuviljelyst\u00e4 Suomessa.<\/p>\n<p style=\"margin: 0in;font-family: Calibri;font-size: 11.0pt\">K\u00e4yt\u00e4: Maitotuotteiden, puurojen, myslien, smoothieiden jne. maustaminen: Hyv\u00e4 ja hy\u00f6dyllinen mauste.<\/p>\n<p style=\"margin: 0in;font-family: Calibri;font-size: 11.0pt\">S\u00e4ilyt\u00e4 kuivassa sis\u00e4tilassa ja lasten ulottumattomissa.<\/p>\n<p style=\"margin: 0in;font-family: Calibri;font-size: 11.0pt\">Avattu pakkaus on k\u00e4ytett\u00e4v\u00e4 60 p\u00e4iv\u00e4n kuluessa.<\/p>\n<p style=\"margin: 0in;font-family: Calibri;font-size: 11.0pt\">Oy Bacca Ab 66540 Petsmo, Suomi <a href=\"http:\/\/www.bacca.fi\">www.bacca.fi<\/a><\/p>\n<p>&nbsp;<\/p>\n<p style=\"margin: 0in;font-family: Calibri;font-size: 11.0pt\">SININEN KUUSAMA<\/p>\n<p style=\"margin: 0in;font-family: Calibri;font-size: 11.0pt\">jota kutsutaan my\u00f6s hunajamarjaksi, on pitk\u00e4nomainen sininen marja, joka muistuttaa v\u00e4rilt\u00e4\u00e4n ja maultaan hyvin paljon mustikkaa.<\/p>\n<p style=\"margin: 0in;font-family: Calibri;font-size: 11.0pt\">Maku on happamampi ja voimakkaampi kuin mustikoilla.<\/p>\n<p style=\"margin: 0in;font-family: Calibri;font-size: 11.0pt\">Sininen kuusenkerkk\u00e4 antaa varhaisen sadon, marjat kypsyv\u00e4t hein\u00e4kuun alussa.<\/p>\n<p style=\"margin: 0in;font-family: Calibri;font-size: 11.0pt\">Marja on per\u00e4isin Kanadasta ja Aasiasta, ja Japanissa se on hyvin suosittu ja sit\u00e4 kutsutaan haskapiksi, joka tarkoittaa &#8221;marjaa, joka antaa pitk\u00e4n el\u00e4m\u00e4n ja hyv\u00e4n n\u00e4\u00f6n&#8221;.<\/p>\n<p style=\"margin: 0in;font-family: Calibri;font-size: 11.0pt\">Sininen kuusama sis\u00e4lt\u00e4\u00e4 kaikista marjoista eniten antioksidantteja, jopa suuria m\u00e4\u00e4ri\u00e4 C-vitamiinia.<\/p>\n<p style=\"margin: 0in;font-family: Calibri;font-size: 11.0pt\">Mustikan sijasta voi k\u00e4ytt\u00e4\u00e4 sinist\u00e4 kuusenkerkk\u00e4\u00e4 esimerkiksi piirakoissa, smoothieissa, jogurtissa, hilloissa ja mehuissa jne.<\/p>\n","protected":false},"excerpt":{"rendered":"<p>Superhedelm\u00e4jauhe 3IN1 MIX.<\/p>\n","protected":false},"featured_media":7574,"comment_status":"open","ping_status":"closed","template":"","meta":{"_acf_changed":false},"product_brand":[],"product_cat":[1296,1290],"product_tag":[366,368,369,364,367,363,327,365],"class_list":{"0":"post-9992","1":"product","2":"type-product","3":"status-publish","4":"has-post-thumbnail","6":"product_cat-tilaustuotteet","7":"product_cat-vaasa-gw-galleria-fi","8":"product_tag-aronia-fi","9":"product_tag-aronia-fi-2","10":"product_tag-hunajamarja-fi","11":"product_tag-kuusama","12":"product_tag-saskatoon-fi","13":"product_tag-sininen-kuusama","14":"product_tag-superberries-fi","15":"product_tag-superfruits-fi","16":"product_shipping_class-huoneenlampoiset-tuotteet-vain-toimitus-ja-nouto","18":"first","19":"instock","20":"taxable","21":"shipping-taxable","22":"purchasable","23":"product-type-simple"},"acf":[],"jetpack_sharing_enabled":true,"_links":{"self":[{"href":"https:\/\/picksy.store\/fi\/wp-json\/wp\/v2\/product\/9992","targetHints":{"allow":["GET"]}}],"collection":[{"href":"https:\/\/picksy.store\/fi\/wp-json\/wp\/v2\/product"}],"about":[{"href":"https:\/\/picksy.store\/fi\/wp-json\/wp\/v2\/types\/product"}],"replies":[{"embeddable":true,"href":"https:\/\/picksy.store\/fi\/wp-json\/wp\/v2\/comments?post=9992"}],"wp:featuredmedia":[{"embeddable":true,"href":"https:\/\/picksy.store\/fi\/wp-json\/wp\/v2\/media\/7574"}],"wp:attachment":[{"href":"https:\/\/picksy.store\/fi\/wp-json\/wp\/v2\/media?parent=9992"}],"wp:term":[{"taxonomy":"product_brand","embeddable":true,"href":"https:\/\/picksy.store\/fi\/wp-json\/wp\/v2\/product_brand?post=9992"},{"taxonomy":"product_cat","embeddable":true,"href":"https:\/\/picksy.store\/fi\/wp-json\/wp\/v2\/product_cat?post=9992"},{"taxonomy":"product_tag","embeddable":true,"href":"https:\/\/picksy.store\/fi\/wp-json\/wp\/v2\/product_tag?post=9992"}],"curies":[{"name":"wp","href":"https:\/\/api.w.org\/{rel}","templated":true}]}}